{"id":2351,"date":"2025-06-17T18:08:28","date_gmt":"2025-06-17T16:08:28","guid":{"rendered":"https:\/\/yiesafrica.net\/sud\/?page_id=2351"},"modified":"2025-06-18T18:59:35","modified_gmt":"2025-06-18T16:59:35","slug":"formulaire-dinscription-fdfp","status":"publish","type":"page","link":"https:\/\/yiesafrica.net\/sud\/formulaire-dinscription-fdfp\/","title":{"rendered":"Formulaire d&rsquo;inscription FDFP"},"content":{"rendered":"\t\t<div data-elementor-type=\"wp-page\" data-elementor-id=\"2351\" class=\"elementor elementor-2351\" data-elementor-post-type=\"page\">\n\t\t\t\t\t\t<section class=\"elementor-section elementor-top-section elementor-element elementor-element-6da6b57 elementor-section-boxed elementor-section-height-default elementor-section-height-default elementor-invisible\" data-id=\"6da6b57\" data-element_type=\"section\" data-settings=\"{&quot;background_background&quot;:&quot;classic&quot;,&quot;animation&quot;:&quot;fadeInDown&quot;}\">\n\t\t\t\t\t\t\t<div class=\"elementor-background-overlay\"><\/div>\n\t\t\t\t\t\t\t<div class=\"elementor-container elementor-column-gap-default\">\n\t\t\t\t\t<div class=\"elementor-column elementor-col-100 elementor-top-column elementor-element elementor-element-379f1e5\" data-id=\"379f1e5\" data-element_type=\"column\">\n\t\t\t<div class=\"elementor-widget-wrap elementor-element-populated\">\n\t\t\t\t\t\t<div class=\"elementor-element elementor-element-018e70b elementor-widget elementor-widget-heading\" data-id=\"018e70b\" data-element_type=\"widget\" data-widget_type=\"heading.default\">\n\t\t\t\t<div class=\"elementor-widget-container\">\n\t\t\t<h1 class=\"elementor-heading-title elementor-size-default\">Formulaire d'inscription FDFP<\/h1>\t\t<\/div>\n\t\t\t\t<\/div>\n\t\t\t\t<div class=\"elementor-element elementor-element-492d5cf elementor-align-center elementor-widget elementor-widget-button\" data-id=\"492d5cf\" data-element_type=\"widget\" data-widget_type=\"button.default\">\n\t\t\t\t<div class=\"elementor-widget-container\">\n\t\t\t\t\t<div class=\"elementor-button-wrapper\">\n\t\t\t<a class=\"elementor-button elementor-button-link elementor-size-sm\" href=\"https:\/\/yiesafrica.net\/sud\/nos-formations\/\">\n\t\t\t\t\t\t<span class=\"elementor-button-content-wrapper\">\n\t\t\t\t\t\t<span class=\"elementor-button-icon\">\n\t\t\t\t<svg aria-hidden=\"true\" class=\"e-font-icon-svg e-fas-long-arrow-alt-left\" viewBox=\"0 0 448 512\" xmlns=\"http:\/\/www.w3.org\/2000\/svg\"><path d=\"M134.059 296H436c6.627 0 12-5.373 12-12v-56c0-6.627-5.373-12-12-12H134.059v-46.059c0-21.382-25.851-32.09-40.971-16.971L7.029 239.029c-9.373 9.373-9.373 24.569 0 33.941l86.059 86.059c15.119 15.119 40.971 4.411 40.971-16.971V296z\"><\/path><\/svg>\t\t\t<\/span>\n\t\t\t\t\t\t\t\t\t<span class=\"elementor-button-text\">Retourner aux formations<\/span>\n\t\t\t\t\t<\/span>\n\t\t\t\t\t<\/a>\n\t\t<\/div>\n\t\t\t\t<\/div>\n\t\t\t\t<\/div>\n\t\t\t\t<div class=\"elementor-element elementor-element-154dbeb elementor-widget-divider--view-line elementor-widget elementor-widget-divider\" data-id=\"154dbeb\" data-element_type=\"widget\" data-widget_type=\"divider.default\">\n\t\t\t\t<div class=\"elementor-widget-container\">\n\t\t\t\t\t<div class=\"elementor-divider\">\n\t\t\t<span class=\"elementor-divider-separator\">\n\t\t\t\t\t\t<\/span>\n\t\t<\/div>\n\t\t\t\t<\/div>\n\t\t\t\t<\/div>\n\t\t\t\t\t<\/div>\n\t\t<\/div>\n\t\t\t\t\t<\/div>\n\t\t<\/section>\n\t\t<div class=\"elementor-element elementor-element-0fc1977 e-flex e-con-boxed e-con e-parent\" data-id=\"0fc1977\" data-element_type=\"container\" data-settings=\"{&quot;background_background&quot;:&quot;classic&quot;}\">\n\t\t\t\t\t<div class=\"e-con-inner\">\n\t\t<div class=\"elementor-element elementor-element-16764bc e-con-full e-flex e-con e-child\" data-id=\"16764bc\" data-element_type=\"container\" data-settings=\"{&quot;background_background&quot;:&quot;classic&quot;}\">\n\t\t\t\t<div class=\"elementor-element elementor-element-dc80518 fluent-form-widget-step-header-yes fluent-form-widget-step-progressbar-yes fluentform-widget-submit-button-custom elementor-widget elementor-widget-fluent-form-widget\" data-id=\"dc80518\" data-element_type=\"widget\" data-widget_type=\"fluent-form-widget.default\">\n\t\t\t\t<div class=\"elementor-widget-container\">\n\t\t\t\n            <div class=\"fluentform-widget-wrapper fluentform-widget-align-default\">\n\n            \n            <div class='fluentform ff-default fluentform_wrapper_8 ffs_default_wrap'><form data-form_id=\"8\" id=\"fluentform_8\" class=\"frm-fluent-form fluent_form_8 ff-el-form-top ff_form_instance_8_1 ff-form-loading ffs_default\" data-form_instance=\"ff_form_instance_8_1\" method=\"POST\" ><fieldset  style=\"border: none!important;margin: 0!important;padding: 0!important;background-color: transparent!important;box-shadow: none!important;outline: none!important; min-inline-size: 100%;\">\n                    <legend class=\"ff_screen_reader_title\" style=\"display: block; margin: 0!important;padding: 0!important;height: 0!important;text-indent: -999999px;width: 0!important;overflow:hidden;\">Formulaire formation FDFP<\/legend><input type='hidden' name='__fluent_form_embded_post_id' value='2351' \/><input type=\"hidden\" id=\"_fluentform_8_fluentformnonce\" name=\"_fluentform_8_fluentformnonce\" value=\"53e3afd3e7\" \/><input type=\"hidden\" name=\"_wp_http_referer\" value=\"\/sud\/wp-json\/wp\/v2\/pages\/2351\" \/><div class='ff-el-group'><div class=\"ff-el-input--label ff-el-is-required asterisk-right\"><label for='ff_8_input_text' aria-label=\"NOM DE L\u2019ENTREPRISE \">NOM DE L\u2019ENTREPRISE <\/label><\/div><div class='ff-el-input--content'><input type=\"text\" name=\"input_text\" class=\"ff-el-form-control\" placeholder=\"La d\u00e9nomination sociale de votre entreprise\" data-name=\"input_text\" id=\"ff_8_input_text\"  aria-invalid=\"false\" aria-required=true><\/div><\/div><div data-name=\"ff_cn_id_1\"  class='ff-t-container ff-column-container ff_columns_total_2  '><div class='ff-t-cell ff-t-column-1' style='flex-basis: 50%;'><div class='ff-el-group'><div class=\"ff-el-input--label asterisk-right\"><label for='ff_8_input_text_1' aria-label=\"ADRESSE  \">ADRESSE  <\/label><\/div><div class='ff-el-input--content'><input type=\"text\" name=\"input_text_1\" class=\"ff-el-form-control\" placeholder=\"Votre  adresse\" data-name=\"input_text_1\" id=\"ff_8_input_text_1\"  aria-invalid=\"false\" aria-required=false><\/div><\/div><\/div><div class='ff-t-cell ff-t-column-2' style='flex-basis: 50%;'><div class='ff-el-group'><div class=\"ff-el-input--label asterisk-right\"><label for='ff_8_input_text_2' aria-label=\"BOITE POSTALE\">BOITE POSTALE<\/label><\/div><div class='ff-el-input--content'><input type=\"text\" name=\"input_text_2\" class=\"ff-el-form-control\" placeholder=\"Votre boite postale\" data-name=\"input_text_2\" id=\"ff_8_input_text_2\"  aria-invalid=\"false\" aria-required=false><\/div><\/div><\/div><\/div><div data-name=\"ff_cn_id_2\"  class='ff-t-container ff-column-container ff_columns_total_2  '><div class='ff-t-cell ff-t-column-1' style='flex-basis: 50%;'><div class='ff-el-group'><div class=\"ff-el-input--label ff-el-is-required asterisk-right\"><label for='ff_8_input_text_3' aria-label=\"ADRESSE  EMAIL\">ADRESSE  EMAIL<\/label><\/div><div class='ff-el-input--content'><input type=\"text\" name=\"input_text_3\" class=\"ff-el-form-control\" placeholder=\"Votre  adresse email\" data-name=\"input_text_3\" id=\"ff_8_input_text_3\"  aria-invalid=\"false\" aria-required=true><\/div><\/div><\/div><div class='ff-t-cell ff-t-column-2' style='flex-basis: 50%;'><div class='ff-el-group'><div class=\"ff-el-input--label asterisk-right\"><label for='ff_8_input_text_4' aria-label=\"NUMERO DE TELEPHONE\">NUMERO DE TELEPHONE<\/label><\/div><div class='ff-el-input--content'><input type=\"text\" name=\"input_text_4\" class=\"ff-el-form-control\" placeholder=\"Votre num\u00e9ro de t\u00e9l\u00e9phone\" data-name=\"input_text_4\" id=\"ff_8_input_text_4\"  aria-invalid=\"false\" aria-required=false><\/div><\/div><\/div><\/div><div data-name=\"ff_cn_id_3\"  class='ff-t-container ff-column-container ff_columns_total_2  '><div class='ff-t-cell ff-t-column-1' style='flex-basis: 50%;'><div class='ff-el-group'><div class=\"ff-el-input--label asterisk-right\"><label for='ff_8_dropdown' aria-label=\"FORME JURIDIQUE DE L&#039;ENTREPRISE\">FORME JURIDIQUE DE L'ENTREPRISE<\/label><\/div><div class='ff-el-input--content'><select name=\"dropdown\" id=\"ff_8_dropdown\" class=\"ff-el-form-control\" data-name=\"dropdown\" data-calc_value=\"0\"  aria-invalid=\"false\" aria-required=false><option value=\"\">- Selectionner -<\/option><option value=\"Soci\u00e9t\u00e9 \u00e0 Responsabilit\u00e9 Limit\u00e9e (SARL)\"  >Soci\u00e9t\u00e9 \u00e0 Responsabilit\u00e9 Limit\u00e9e (SARL)<\/option><option value=\"Soci\u00e9t\u00e9 \u00e0 Responsabilit\u00e9 Limit\u00e9e Unipersonnelle (SARL-U)\"  >Soci\u00e9t\u00e9 \u00e0 Responsabilit\u00e9 Limit\u00e9e Unipersonnelle (SARL-U)<\/option><option value=\"Soci\u00e9t\u00e9 Anonyme Unipersonnelle (SAU)\"  >Soci\u00e9t\u00e9 Anonyme Unipersonnelle (SAU)<\/option><option value=\"Entreprise Individuelle (EI)\"  >Entreprise Individuelle (EI)<\/option><option value=\"Soci\u00e9t\u00e9 Anonyme (SA)\"  >Soci\u00e9t\u00e9 Anonyme (SA)<\/option><\/select><\/div><\/div><\/div><div class='ff-t-cell ff-t-column-2' style='flex-basis: 50%;'><div class='ff-el-group'><div class=\"ff-el-input--label asterisk-right\"><label for='ff_8_input_text_6' aria-label=\"CAPITAL\">CAPITAL<\/label><\/div><div class='ff-el-input--content'><input type=\"text\" name=\"input_text_6\" class=\"ff-el-form-control\" placeholder=\"Le capitale de l&#039;entreprise\" data-name=\"input_text_6\" id=\"ff_8_input_text_6\"  aria-invalid=\"false\" aria-required=false><\/div><\/div><\/div><\/div><div data-name=\"ff_cn_id_4\"  class='ff-t-container ff-column-container ff_columns_total_2  '><div class='ff-t-cell ff-t-column-1' style='flex-basis: 50%;'><div class='ff-el-group'><div class=\"ff-el-input--label asterisk-right\"><label for='ff_8_input_text_7' aria-label=\"CHIFFRE D&#039;AFFAIRE\">CHIFFRE D'AFFAIRE<\/label><\/div><div class='ff-el-input--content'><input type=\"text\" name=\"input_text_7\" class=\"ff-el-form-control\" placeholder=\"Le chiffre d&#039;affaire de l&#039;entreprise\" data-name=\"input_text_7\" id=\"ff_8_input_text_7\"  aria-invalid=\"false\" aria-required=false><\/div><\/div><\/div><div class='ff-t-cell ff-t-column-2' style='flex-basis: 50%;'><div class='ff-el-group'><div class=\"ff-el-input--label asterisk-right\"><label for='ff_8_input_text_8' aria-label=\"DATE DE CREATION   \">DATE DE CREATION   <\/label><\/div><div class='ff-el-input--content'><input type=\"text\" name=\"input_text_8\" class=\"ff-el-form-control\" placeholder=\"01\/01\/12004\" data-name=\"input_text_8\" id=\"ff_8_input_text_8\"  aria-invalid=\"false\" aria-required=false><\/div><\/div><\/div><\/div><div data-name=\"ff_cn_id_5\"  class='ff-t-container ff-column-container ff_columns_total_2  '><div class='ff-t-cell ff-t-column-1' style='flex-basis: 50%;'><div class='ff-el-group'><div class=\"ff-el-input--label asterisk-right\"><label for='ff_8_input_text_9' aria-label=\"N\u00b0 REGISTRE DE COMMERCE \">N\u00b0 REGISTRE DE COMMERCE <\/label><\/div><div class='ff-el-input--content'><input type=\"text\" name=\"input_text_9\" class=\"ff-el-form-control\" placeholder=\"Numero de votre registre de commerce\" data-name=\"input_text_9\" id=\"ff_8_input_text_9\"  aria-invalid=\"false\" aria-required=false><\/div><\/div><\/div><div class='ff-t-cell ff-t-column-2' style='flex-basis: 50%;'><div class='ff-el-group'><div class=\"ff-el-input--label asterisk-right\"><label for='ff_8_input_text_10' aria-label=\"NOM DU DIRIGEANT \">NOM DU DIRIGEANT <\/label><\/div><div class='ff-el-input--content'><input type=\"text\" name=\"input_text_10\" class=\"ff-el-form-control\" placeholder=\"Nom &amp; prenom du g\u00e9rant de l&#039;entreprise\" data-name=\"input_text_10\" id=\"ff_8_input_text_10\"  aria-invalid=\"false\" aria-required=false><\/div><\/div><\/div><\/div><div data-name=\"ff_cn_id_6\"  class='ff-t-container ff-column-container ff_columns_total_2  '><div class='ff-t-cell ff-t-column-1' style='flex-basis: 50%;'><div class='ff-el-group'><div class=\"ff-el-input--label asterisk-right\"><label for='ff_8_input_text_11' aria-label=\"ACTIVITES \">ACTIVITES <\/label><\/div><div class='ff-el-input--content'><input type=\"text\" name=\"input_text_11\" class=\"ff-el-form-control\" placeholder=\"Listez les activit\u00e9s de l&#039;entreprise\" data-name=\"input_text_11\" id=\"ff_8_input_text_11\"  aria-invalid=\"false\" aria-required=false><\/div><\/div><\/div><div class='ff-t-cell ff-t-column-2' style='flex-basis: 50%;'><div class='ff-el-group'><div class=\"ff-el-input--label asterisk-right\"><label for='ff_8_dropdown_1' aria-label=\"FORMATION SOUHAITEE \">FORMATION SOUHAITEE <\/label><\/div><div class='ff-el-input--content'><select name=\"dropdown_1\" id=\"ff_8_dropdown_1\" class=\"ff-el-form-control\" data-name=\"dropdown_1\" data-calc_value=\"0\"  aria-invalid=\"false\" aria-required=false><option value=\"\">- Selectionner -<\/option><option value=\"ENTREPRENEURIAT\"  >ENTREPRENEURIAT<\/option><option value=\"SCIENCES HUMAINES\"  >SCIENCES HUMAINES<\/option><option value=\"DROIT\"  >DROIT<\/option><option value=\"RESSOURCES HUMAINES\"  >RESSOURCES HUMAINES<\/option><option value=\"COMPTABILITE-FINANCES ET FISCALITE\"  >COMPTABILITE-FINANCES ET FISCALITE<\/option><option value=\"ART ORATOIRE\"  >ART ORATOIRE<\/option><option value=\"ANGLAIS\"  >ANGLAIS<\/option><option value=\"APPROVISIONNEMENT ET LOGISTIQUE\"  >APPROVISIONNEMENT ET LOGISTIQUE<\/option><option value=\"Developpement personnel\"  >Developpement personnel<\/option><option value=\"MARKETING-COMMERCE VENTE\"  >MARKETING-COMMERCE VENTE<\/option><option value=\"ENTREPRENARIAT\"  >ENTREPRENARIAT<\/option><option value=\"INFORMATIQUE\"  >INFORMATIQUE<\/option><\/select><\/div><\/div><\/div><\/div><div class='ff-el-group ff-text-left ff_submit_btn_wrapper'><button type=\"submit\" class=\"ff-btn ff-btn-submit ff-btn-md ff_btn_style\" >JE M'INSCRIS<\/button><\/div><\/fieldset><\/form><div id='fluentform_8_errors' class='ff-errors-in-stack ff_form_instance_8_1 ff-form-loading_errors ff_form_instance_8_1_errors'><\/div><\/div>        <script type=\"text\/javascript\">\n            window.fluent_form_ff_form_instance_8_1 = {\"id\":\"8\",\"settings\":{\"layout\":{\"labelPlacement\":\"top\",\"helpMessagePlacement\":\"with_label\",\"errorMessagePlacement\":\"inline\",\"cssClassName\":\"\",\"asteriskPlacement\":\"asterisk-right\"},\"restrictions\":{\"denyEmptySubmission\":{\"enabled\":false}}},\"form_instance\":\"ff_form_instance_8_1\",\"form_id_selector\":\"fluentform_8\",\"rules\":{\"input_text\":{\"required\":{\"value\":true,\"message\":\"Ce champ est obligatoire\",\"global_message\":\"Ce champ est obligatoire\",\"global\":true}},\"input_text_1\":{\"required\":{\"value\":false,\"message\":\"Ce champ est obligatoire\",\"global_message\":\"Ce champ est obligatoire\",\"global\":true}},\"input_text_2\":{\"required\":{\"value\":false,\"message\":\"Ce champ est obligatoire\",\"global_message\":\"Ce champ est obligatoire\",\"global\":true}},\"input_text_3\":{\"required\":{\"value\":true,\"message\":\"Ce champ est obligatoire\",\"global_message\":\"Ce champ est obligatoire\",\"global\":true}},\"input_text_4\":{\"required\":{\"value\":false,\"message\":\"Ce champ est obligatoire\",\"global_message\":\"Ce champ est obligatoire\",\"global\":true}},\"dropdown\":{\"required\":{\"value\":false,\"message\":\"Ce champ est obligatoire\",\"global_message\":\"Ce champ est obligatoire\",\"global\":true}},\"input_text_6\":{\"required\":{\"value\":false,\"message\":\"Ce champ est obligatoire\",\"global_message\":\"Ce champ est obligatoire\",\"global\":true}},\"input_text_7\":{\"required\":{\"value\":false,\"message\":\"Ce champ est obligatoire\",\"global_message\":\"Ce champ est obligatoire\",\"global\":true}},\"input_text_8\":{\"required\":{\"value\":false,\"message\":\"Ce champ est obligatoire\",\"global_message\":\"Ce champ est obligatoire\",\"global\":true}},\"input_text_9\":{\"required\":{\"value\":false,\"message\":\"Ce champ est obligatoire\",\"global_message\":\"Ce champ est obligatoire\",\"global\":true}},\"input_text_10\":{\"required\":{\"value\":false,\"message\":\"Ce champ est obligatoire\",\"global_message\":\"Ce champ est obligatoire\",\"global\":true}},\"input_text_11\":{\"required\":{\"value\":false,\"message\":\"Ce champ est obligatoire\",\"global_message\":\"Ce champ est obligatoire\",\"global\":true}},\"dropdown_1\":{\"required\":{\"value\":false,\"message\":\"Ce champ est obligatoire\",\"global_message\":\"Ce champ est obligatoire\",\"global\":true}}},\"debounce_time\":300};\n                    <\/script>\n                    <\/div>\n\n            \t\t<\/div>\n\t\t\t\t<\/div>\n\t\t\t\t<\/div>\n\t\t\t\t\t<\/div>\n\t\t\t\t<\/div>\n\t\t\t\t<\/div>\n\t\t","protected":false},"excerpt":{"rendered":"<p>Formulaire d&rsquo;inscription FDFP Retourner aux formations Formulaire formation FDFP NOM DE L\u2019ENTREPRISE ADRESSE BOITE POSTALEADRESSE EMAILNUMERO DE TELEPHONEFORME JURIDIQUE DE L&rsquo;ENTREPRISE&#8211; Selectionner &#8211;Soci\u00e9t\u00e9 \u00e0 Responsabilit\u00e9 Limit\u00e9e (SARL)Soci\u00e9t\u00e9 \u00e0 Responsabilit\u00e9 Limit\u00e9e Unipersonnelle (SARL-U)Soci\u00e9t\u00e9 Anonyme Unipersonnelle (SAU)Entreprise Individuelle (EI)Soci\u00e9t\u00e9 Anonyme (SA)CAPITALCHIFFRE D&rsquo;AFFAIREDATE DE CREATION N\u00b0 REGISTRE DE COMMERCE NOM DU DIRIGEANT ACTIVITES FORMATION SOUHAITEE &#8211; Selectionner &#8211;ENTREPRENEURIATSCIENCES&#8230;<\/p>\n","protected":false},"author":1,"featured_media":0,"parent":0,"menu_order":0,"comment_status":"closed","ping_status":"closed","template":"elementor_header_footer","meta":{"_acf_changed":false,"_kadence_starter_templates_imported_post":false,"_kad_post_transparent":"","_kad_post_title":"","_kad_post_layout":"","_kad_post_sidebar_id":"","_kad_post_content_style":"","_kad_post_vertical_padding":"","_kad_post_feature":"","_kad_post_feature_position":"","_kad_post_header":false,"_kad_post_footer":false,"footnotes":""},"class_list":["post-2351","page","type-page","status-publish","hentry"],"acf":[],"_links":{"self":[{"href":"https:\/\/yiesafrica.net\/sud\/wp-json\/wp\/v2\/pages\/2351","targetHints":{"allow":["GET"]}}],"collection":[{"href":"https:\/\/yiesafrica.net\/sud\/wp-json\/wp\/v2\/pages"}],"about":[{"href":"https:\/\/yiesafrica.net\/sud\/wp-json\/wp\/v2\/types\/page"}],"author":[{"embeddable":true,"href":"https:\/\/yiesafrica.net\/sud\/wp-json\/wp\/v2\/users\/1"}],"replies":[{"embeddable":true,"href":"https:\/\/yiesafrica.net\/sud\/wp-json\/wp\/v2\/comments?post=2351"}],"version-history":[{"count":10,"href":"https:\/\/yiesafrica.net\/sud\/wp-json\/wp\/v2\/pages\/2351\/revisions"}],"predecessor-version":[{"id":2475,"href":"https:\/\/yiesafrica.net\/sud\/wp-json\/wp\/v2\/pages\/2351\/revisions\/2475"}],"wp:attachment":[{"href":"https:\/\/yiesafrica.net\/sud\/wp-json\/wp\/v2\/media?parent=2351"}],"curies":[{"name":"wp","href":"https:\/\/api.w.org\/{rel}","templated":true}]}}